{"id":100,"date":"2014-02-17T20:02:38","date_gmt":"2014-02-17T20:02:38","guid":{"rendered":"http:\/\/mosel-wein-ferienhaus.de\/?page_id=100"},"modified":"2014-05-15T21:41:06","modified_gmt":"2014-05-15T21:41:06","slug":"kontakt","status":"publish","type":"page","link":"https:\/\/mosel-wein-ferienhaus.de\/?page_id=100","title":{"rendered":"Kontakt\/Impressum"},"content":{"rendered":"<p style=\"text-align: left;\"><strong>Wein-und Ferienhaus J\u00f6rg Weirich<\/strong><\/p>\n<p style=\"text-align: left;\"><strong>Boorhausstrasse 5a<\/strong><\/p>\n<p style=\"text-align: left;\"><strong>54470 Bernkastel-Andel<\/strong><\/p>\n<p style=\"text-align: left;\"><strong>Tel:. +49 06531-989559<\/strong><\/p>\n<p style=\"text-align: left;\"><strong>mobil: +49 0172-6586572<\/strong><\/p>\n<p style=\"text-align: left;\"><strong>E-Mail: jweirich269@gmail.com<\/strong><\/p>\n<p style=\"text-align: left;\">\n<p style=\"text-align: left;\">Impressum:<br \/>\nVerantwortlich: J\u00f6rg Weirich<br \/>\nBoorhausstr. 5a, 54470 Bernkastel-Kues<br \/>\nEmail:jweirich269@gmail.com<br \/>\nwww.mosel-wein-ferienhaus.de<\/p>\n<p style=\"text-align: left;\">Haftungshinweis:<br \/>\nLayout und Gestaltung dieser Pr\u00e4sentation sowie der enthaltenen Informationen sind gem\u00e4\u00df dem Urheberrechtsgesetz gesch\u00fctzt. Dies ist auch zu beachten, wenn auf diesen Internetseiten erscheinende Materialien Dritter zur Informationsgewinnung verwendet oder kopiert werden.<br \/>\nTrotz sorgf\u00e4ltiger inhaltlicher Kontrolle \u00fcbernehme ich keine Haftung f\u00fcr die Inhalte externer Links. F\u00fcr die Inhalte externer Links sind ausschlie\u00dflich deren Betreiber verantwortlich.<br \/>\nAlle Angaben erfolgen ohne Gew\u00e4hr. Eine Haftung f\u00fcr Sch\u00e4den, die sich aus der Verwendung der ver\u00f6ffentlichten Inhalte ergeben, ist ausgeschlossen.<\/p>\n","protected":false},"excerpt":{"rendered":"<p>Wein-und Ferienhaus J\u00f6rg Weirich Boorhausstrasse 5a 54470 Bernkastel-Andel Tel:. +49 06531-989559 mobil: +49 0172-6586572 E-Mail: jweirich269@gmail.com Impressum: Verantwortlich: J\u00f6rg Weirich Boorhausstr. 5a, 54470 Bernkastel-Kues Email:jweirich269@gmail.com www.mosel-wein-ferienhaus.de Haftungshinweis: Layout und Gestaltung dieser Pr\u00e4sentation sowie der enthaltenen Informationen sind gem\u00e4\u00df dem Urheberrechtsgesetz gesch\u00fctzt. Dies ist auch zu beachten, wenn auf diesen Internetseiten erscheinende Materialien Dritter zur Informationsgewinnung &hellip; <a href=\"https:\/\/mosel-wein-ferienhaus.de\/?page_id=100\" class=\"more-link\"><span class=\"screen-reader-text\">Kontakt\/Impressum<\/span> weiterlesen <span class=\"meta-nav\">&rarr;<\/span><\/a><\/p>\n","protected":false},"author":1,"featured_media":0,"parent":0,"menu_order":0,"comment_status":"open","ping_status":"closed","template":"","meta":{"footnotes":""},"class_list":["post-100","page","type-page","status-publish","hentry"],"_links":{"self":[{"href":"https:\/\/mosel-wein-ferienhaus.de\/index.php?rest_route=\/wp\/v2\/pages\/100","targetHints":{"allow":["GET"]}}],"collection":[{"href":"https:\/\/mosel-wein-ferienhaus.de\/index.php?rest_route=\/wp\/v2\/pages"}],"about":[{"href":"https:\/\/mosel-wein-ferienhaus.de\/index.php?rest_route=\/wp\/v2\/types\/page"}],"author":[{"embeddable":true,"href":"https:\/\/mosel-wein-ferienhaus.de\/index.php?rest_route=\/wp\/v2\/users\/1"}],"replies":[{"embeddable":true,"href":"https:\/\/mosel-wein-ferienhaus.de\/index.php?rest_route=%2Fwp%2Fv2%2Fcomments&post=100"}],"version-history":[{"count":12,"href":"https:\/\/mosel-wein-ferienhaus.de\/index.php?rest_route=\/wp\/v2\/pages\/100\/revisions"}],"predecessor-version":[{"id":1157,"href":"https:\/\/mosel-wein-ferienhaus.de\/index.php?rest_route=\/wp\/v2\/pages\/100\/revisions\/1157"}],"wp:attachment":[{"href":"https:\/\/mosel-wein-ferienhaus.de\/index.php?rest_route=%2Fwp%2Fv2%2Fmedia&parent=100"}],"curies":[{"name":"wp","href":"https:\/\/api.w.org\/{rel}","templated":true}]}}