{"id":402,"date":"2014-04-10T19:20:48","date_gmt":"2014-04-10T19:20:48","guid":{"rendered":"http:\/\/mosel-wein-ferienhaus.de\/?page_id=402"},"modified":"2017-03-22T22:11:51","modified_gmt":"2017-03-22T22:11:51","slug":"services","status":"publish","type":"page","link":"https:\/\/mosel-wein-ferienhaus.de\/?page_id=402","title":{"rendered":"Services"},"content":{"rendered":"<p>Rund um Ihren Aufenthalt in unserem Ferienhaus wollen wir Ihnen, neben der M\u00f6glichkeit einer Weinprobe hauseigener Weine oder des Br\u00f6tchenbringservices anbieten:<\/p>\n<ul>\n<li>Br\u00f6tchenservice<\/li>\n<li>Weinprobe der hauseigenen Weine<\/li>\n<\/ul>\n","protected":false},"excerpt":{"rendered":"<p>Rund um Ihren Aufenthalt in unserem Ferienhaus wollen wir Ihnen, neben der M\u00f6glichkeit einer Weinprobe hauseigener Weine oder des Br\u00f6tchenbringservices anbieten: Br\u00f6tchenservice Weinprobe der hauseigenen Weine<\/p>\n","protected":false},"author":1,"featured_media":0,"parent":0,"menu_order":0,"comment_status":"open","ping_status":"open","template":"","meta":{"footnotes":""},"class_list":["post-402","page","type-page","status-publish","hentry"],"_links":{"self":[{"href":"https:\/\/mosel-wein-ferienhaus.de\/index.php?rest_route=\/wp\/v2\/pages\/402","targetHints":{"allow":["GET"]}}],"collection":[{"href":"https:\/\/mosel-wein-ferienhaus.de\/index.php?rest_route=\/wp\/v2\/pages"}],"about":[{"href":"https:\/\/mosel-wein-ferienhaus.de\/index.php?rest_route=\/wp\/v2\/types\/page"}],"author":[{"embeddable":true,"href":"https:\/\/mosel-wein-ferienhaus.de\/index.php?rest_route=\/wp\/v2\/users\/1"}],"replies":[{"embeddable":true,"href":"https:\/\/mosel-wein-ferienhaus.de\/index.php?rest_route=%2Fwp%2Fv2%2Fcomments&post=402"}],"version-history":[{"count":7,"href":"https:\/\/mosel-wein-ferienhaus.de\/index.php?rest_route=\/wp\/v2\/pages\/402\/revisions"}],"predecessor-version":[{"id":600,"href":"https:\/\/mosel-wein-ferienhaus.de\/index.php?rest_route=\/wp\/v2\/pages\/402\/revisions\/600"}],"wp:attachment":[{"href":"https:\/\/mosel-wein-ferienhaus.de\/index.php?rest_route=%2Fwp%2Fv2%2Fmedia&parent=402"}],"curies":[{"name":"wp","href":"https:\/\/api.w.org\/{rel}","templated":true}]}}