{"id":415,"date":"2014-04-24T19:13:57","date_gmt":"2014-04-24T19:13:57","guid":{"rendered":"http:\/\/mosel-wein-ferienhaus.de\/?page_id=415"},"modified":"2014-04-24T19:15:59","modified_gmt":"2014-04-24T19:15:59","slug":"gastebuch","status":"publish","type":"page","link":"https:\/\/mosel-wein-ferienhaus.de\/?page_id=415","title":{"rendered":"G\u00e4stebuch"},"content":{"rendered":"<p>Liebe G\u00e4ste,<\/p>\n<p>hier k\u00f6nnen Sie Ihre Eindr\u00fccke von Ihrem Aufenthalt in unserem Ferienhaus wiedergeben.<\/p>\n","protected":false},"excerpt":{"rendered":"<p>Liebe G\u00e4ste, hier k\u00f6nnen Sie Ihre Eindr\u00fccke von Ihrem Aufenthalt in unserem Ferienhaus wiedergeben.<\/p>\n","protected":false},"author":1,"featured_media":0,"parent":0,"menu_order":0,"comment_status":"open","ping_status":"open","template":"","meta":[],"_links":{"self":[{"href":"https:\/\/mosel-wein-ferienhaus.de\/index.php?rest_route=\/wp\/v2\/pages\/415"}],"collection":[{"href":"https:\/\/mosel-wein-ferienhaus.de\/index.php?rest_route=\/wp\/v2\/pages"}],"about":[{"href":"https:\/\/mosel-wein-ferienhaus.de\/index.php?rest_route=\/wp\/v2\/types\/page"}],"author":[{"embeddable":true,"href":"https:\/\/mosel-wein-ferienhaus.de\/index.php?rest_route=\/wp\/v2\/users\/1"}],"replies":[{"embeddable":true,"href":"https:\/\/mosel-wein-ferienhaus.de\/index.php?rest_route=%2Fwp%2Fv2%2Fcomments&post=415"}],"version-history":[{"count":2,"href":"https:\/\/mosel-wein-ferienhaus.de\/index.php?rest_route=\/wp\/v2\/pages\/415\/revisions"}],"predecessor-version":[{"id":417,"href":"https:\/\/mosel-wein-ferienhaus.de\/index.php?rest_route=\/wp\/v2\/pages\/415\/revisions\/417"}],"wp:attachment":[{"href":"https:\/\/mosel-wein-ferienhaus.de\/index.php?rest_route=%2Fwp%2Fv2%2Fmedia&parent=415"}],"curies":[{"name":"wp","href":"https:\/\/api.w.org\/{rel}","templated":true}]}}