{"id":43,"date":"2014-02-16T20:13:04","date_gmt":"2014-02-16T20:13:04","guid":{"rendered":"http:\/\/mosel-wein-ferienhaus.de\/?page_id=43"},"modified":"2021-05-12T18:41:34","modified_gmt":"2021-05-12T18:41:34","slug":"unser-ferienhaus","status":"publish","type":"page","link":"https:\/\/mosel-wein-ferienhaus.de\/?page_id=43","title":{"rendered":"Ferienhaus"},"content":{"rendered":"<p><span><span>Hier wollen wir Ihnen mit einer Beschreibung und den Bildern einen m\u00f6glichst genauen Einblick in und rund um unser Ferienhaus erm\u00f6glichen. F\u00fcr uns steht Ihre Erholung an erster Stelle und wir m\u00f6chten, dass Sie sich auf den auf 2 Etagen verlaufenden 70 qm unseres Ferienhauses wohlf\u00fchlen und erholen k\u00f6nnen.<\/span><\/span><\/p>\n<p>Selbstverst\u00e4ndlich verf\u00fcgt das modern eingerichtete Haus \u00fcber W-LAN und einen Safe. Gerne k\u00f6nnen wir Ihnen Kinderstuhl oder Babybett zur Verf\u00fcgung stellen.<\/p>\n<p>Weitere Ausstattungsdetails entnehmen Sie bitte der Beschreibung der einzelnen R\u00e4ume.<\/p>\n<p>&nbsp;<\/p>\n","protected":false},"excerpt":{"rendered":"<p>Hier wollen wir Ihnen mit einer Beschreibung und den Bildern einen m\u00f6glichst genauen Einblick in und rund um unser Ferienhaus erm\u00f6glichen. F\u00fcr uns steht Ihre Erholung an erster Stelle und wir m\u00f6chten, dass Sie sich auf den auf 2 Etagen verlaufenden 70 qm unseres Ferienhauses wohlf\u00fchlen und erholen k\u00f6nnen. Selbstverst\u00e4ndlich verf\u00fcgt das modern eingerichtete Haus &hellip; <a href=\"https:\/\/mosel-wein-ferienhaus.de\/?page_id=43\" class=\"more-link\"><span class=\"screen-reader-text\">Ferienhaus<\/span> weiterlesen <span class=\"meta-nav\">&rarr;<\/span><\/a><\/p>\n","protected":false},"author":1,"featured_media":0,"parent":0,"menu_order":0,"comment_status":"closed","ping_status":"closed","template":"","meta":{"footnotes":""},"class_list":["post-43","page","type-page","status-publish","hentry"],"_links":{"self":[{"href":"https:\/\/mosel-wein-ferienhaus.de\/index.php?rest_route=\/wp\/v2\/pages\/43","targetHints":{"allow":["GET"]}}],"collection":[{"href":"https:\/\/mosel-wein-ferienhaus.de\/index.php?rest_route=\/wp\/v2\/pages"}],"about":[{"href":"https:\/\/mosel-wein-ferienhaus.de\/index.php?rest_route=\/wp\/v2\/types\/page"}],"author":[{"embeddable":true,"href":"https:\/\/mosel-wein-ferienhaus.de\/index.php?rest_route=\/wp\/v2\/users\/1"}],"replies":[{"embeddable":true,"href":"https:\/\/mosel-wein-ferienhaus.de\/index.php?rest_route=%2Fwp%2Fv2%2Fcomments&post=43"}],"version-history":[{"count":13,"href":"https:\/\/mosel-wein-ferienhaus.de\/index.php?rest_route=\/wp\/v2\/pages\/43\/revisions"}],"predecessor-version":[{"id":1024,"href":"https:\/\/mosel-wein-ferienhaus.de\/index.php?rest_route=\/wp\/v2\/pages\/43\/revisions\/1024"}],"wp:attachment":[{"href":"https:\/\/mosel-wein-ferienhaus.de\/index.php?rest_route=%2Fwp%2Fv2%2Fmedia&parent=43"}],"curies":[{"name":"wp","href":"https:\/\/api.w.org\/{rel}","templated":true}]}}