{"id":565,"date":"2016-04-24T20:40:40","date_gmt":"2016-04-24T20:40:40","guid":{"rendered":"http:\/\/mosel-wein-ferienhaus.de\/?page_id=565"},"modified":"2016-07-02T18:58:08","modified_gmt":"2016-07-02T18:58:08","slug":"weinprobierkellergewolbevinothek","status":"publish","type":"page","link":"https:\/\/mosel-wein-ferienhaus.de\/?page_id=565","title":{"rendered":"Weinprobierkeller\/Gew\u00f6lbevinothek"},"content":{"rendered":"<p>In unserem restaurierten Weinprobierkeller stehen ca. 20 Sitzpl\u00e4tze f\u00fcr Weinproben und gesellige Abende zur Verf\u00fcgung.<\/p>\n<p><img decoding=\"async\" loading=\"lazy\" class=\"size-large wp-image-542\" src=\"http:\/\/mosel-wein-ferienhaus.de\/wp-content\/uploads\/2016\/04\/DSC00420-600x399.jpg\" alt=\"SONY DSC\" width=\"600\" height=\"399\" srcset=\"https:\/\/mosel-wein-ferienhaus.de\/wp-content\/uploads\/2016\/04\/DSC00420-600x399.jpg 600w, https:\/\/mosel-wein-ferienhaus.de\/wp-content\/uploads\/2016\/04\/DSC00420-180x120.jpg 180w, https:\/\/mosel-wein-ferienhaus.de\/wp-content\/uploads\/2016\/04\/DSC00420-768x510.jpg 768w\" sizes=\"(max-width: 600px) 100vw, 600px\" \/><\/p>\n<p><img decoding=\"async\" loading=\"lazy\" class=\"size-large wp-image-546\" src=\"http:\/\/mosel-wein-ferienhaus.de\/wp-content\/uploads\/2016\/04\/DSC00449-e1461525760902-399x600.jpg\" alt=\"SONY DSC\" width=\"399\" height=\"600\" srcset=\"https:\/\/mosel-wein-ferienhaus.de\/wp-content\/uploads\/2016\/04\/DSC00449-e1461525760902-399x600.jpg 399w, https:\/\/mosel-wein-ferienhaus.de\/wp-content\/uploads\/2016\/04\/DSC00449-e1461525760902-120x180.jpg 120w, https:\/\/mosel-wein-ferienhaus.de\/wp-content\/uploads\/2016\/04\/DSC00449-e1461525760902-768x1156.jpg 768w\" sizes=\"(max-width: 399px) 100vw, 399px\" \/><\/p>\n<p>&nbsp;<\/p>\n<p><img decoding=\"async\" loading=\"lazy\" class=\"size-large wp-image-543\" src=\"http:\/\/mosel-wein-ferienhaus.de\/wp-content\/uploads\/2016\/04\/DSC00421-600x399.jpg\" alt=\"SONY DSC\" width=\"600\" height=\"399\" srcset=\"https:\/\/mosel-wein-ferienhaus.de\/wp-content\/uploads\/2016\/04\/DSC00421-600x399.jpg 600w, https:\/\/mosel-wein-ferienhaus.de\/wp-content\/uploads\/2016\/04\/DSC00421-180x120.jpg 180w, https:\/\/mosel-wein-ferienhaus.de\/wp-content\/uploads\/2016\/04\/DSC00421-768x510.jpg 768w\" sizes=\"(max-width: 600px) 100vw, 600px\" \/><\/p>\n<p>&nbsp;<\/p>\n<p><img decoding=\"async\" loading=\"lazy\" class=\"size-large wp-image-547\" src=\"http:\/\/mosel-wein-ferienhaus.de\/wp-content\/uploads\/2016\/04\/DSC00450-600x399.jpg\" alt=\"SONY DSC\" width=\"600\" height=\"399\" srcset=\"https:\/\/mosel-wein-ferienhaus.de\/wp-content\/uploads\/2016\/04\/DSC00450-600x399.jpg 600w, https:\/\/mosel-wein-ferienhaus.de\/wp-content\/uploads\/2016\/04\/DSC00450-180x120.jpg 180w, https:\/\/mosel-wein-ferienhaus.de\/wp-content\/uploads\/2016\/04\/DSC00450-768x510.jpg 768w\" sizes=\"(max-width: 600px) 100vw, 600px\" \/><\/p>\n<p>&nbsp;<\/p>\n<p><img decoding=\"async\" loading=\"lazy\" class=\"size-large wp-image-551\" src=\"http:\/\/mosel-wein-ferienhaus.de\/wp-content\/uploads\/2016\/04\/DSC00472-600x399.jpg\" alt=\"SONY DSC\" width=\"600\" height=\"399\" srcset=\"https:\/\/mosel-wein-ferienhaus.de\/wp-content\/uploads\/2016\/04\/DSC00472-600x399.jpg 600w, https:\/\/mosel-wein-ferienhaus.de\/wp-content\/uploads\/2016\/04\/DSC00472-180x120.jpg 180w, https:\/\/mosel-wein-ferienhaus.de\/wp-content\/uploads\/2016\/04\/DSC00472-768x510.jpg 768w\" sizes=\"(max-width: 600px) 100vw, 600px\" \/><\/p>\n<p><a href=\"http:\/\/mosel-wein-ferienhaus.de\/wp-content\/uploads\/2016\/04\/DSC00431.jpg\" rel=\"attachment wp-att-545\"><img decoding=\"async\" loading=\"lazy\" class=\"size-large wp-image-545\" src=\"http:\/\/mosel-wein-ferienhaus.de\/wp-content\/uploads\/2016\/04\/DSC00431-600x399.jpg\" alt=\"SONY DSC\" width=\"600\" height=\"399\" srcset=\"https:\/\/mosel-wein-ferienhaus.de\/wp-content\/uploads\/2016\/04\/DSC00431-600x399.jpg 600w, https:\/\/mosel-wein-ferienhaus.de\/wp-content\/uploads\/2016\/04\/DSC00431-180x120.jpg 180w, https:\/\/mosel-wein-ferienhaus.de\/wp-content\/uploads\/2016\/04\/DSC00431-768x510.jpg 768w\" sizes=\"(max-width: 600px) 100vw, 600px\" \/><\/a><\/p>\n<p>&nbsp;<\/p>\n<figure id=\"attachment_550\" aria-describedby=\"caption-attachment-550\" style=\"width: 399px\" class=\"wp-caption alignnone\"><a href=\"http:\/\/mosel-wein-ferienhaus.de\/wp-content\/uploads\/2016\/04\/DSC00464-e1461525794573.jpg\" rel=\"attachment wp-att-550\"><img decoding=\"async\" loading=\"lazy\" class=\"size-large wp-image-550\" src=\"http:\/\/mosel-wein-ferienhaus.de\/wp-content\/uploads\/2016\/04\/DSC00464-e1461525794573-399x600.jpg\" alt=\"SONY DSC\" width=\"399\" height=\"600\" srcset=\"https:\/\/mosel-wein-ferienhaus.de\/wp-content\/uploads\/2016\/04\/DSC00464-e1461525794573-399x600.jpg 399w, https:\/\/mosel-wein-ferienhaus.de\/wp-content\/uploads\/2016\/04\/DSC00464-e1461525794573-120x180.jpg 120w, https:\/\/mosel-wein-ferienhaus.de\/wp-content\/uploads\/2016\/04\/DSC00464-e1461525794573-768x1156.jpg 768w\" sizes=\"(max-width: 399px) 100vw, 399px\" \/><\/a><figcaption id=\"caption-attachment-550\" class=\"wp-caption-text\">SONY DSC<\/figcaption><\/figure>\n","protected":false},"excerpt":{"rendered":"<p>In unserem restaurierten Weinprobierkeller stehen ca. 20 Sitzpl\u00e4tze f\u00fcr Weinproben und gesellige Abende zur Verf\u00fcgung. &nbsp; &nbsp; &nbsp; &nbsp;<\/p>\n","protected":false},"author":1,"featured_media":0,"parent":0,"menu_order":0,"comment_status":"closed","ping_status":"closed","template":"","meta":[],"_links":{"self":[{"href":"https:\/\/mosel-wein-ferienhaus.de\/index.php?rest_route=\/wp\/v2\/pages\/565"}],"collection":[{"href":"https:\/\/mosel-wein-ferienhaus.de\/index.php?rest_route=\/wp\/v2\/pages"}],"about":[{"href":"https:\/\/mosel-wein-ferienhaus.de\/index.php?rest_route=\/wp\/v2\/types\/page"}],"author":[{"embeddable":true,"href":"https:\/\/mosel-wein-ferienhaus.de\/index.php?rest_route=\/wp\/v2\/users\/1"}],"replies":[{"embeddable":true,"href":"https:\/\/mosel-wein-ferienhaus.de\/index.php?rest_route=%2Fwp%2Fv2%2Fcomments&post=565"}],"version-history":[{"count":6,"href":"https:\/\/mosel-wein-ferienhaus.de\/index.php?rest_route=\/wp\/v2\/pages\/565\/revisions"}],"predecessor-version":[{"id":592,"href":"https:\/\/mosel-wein-ferienhaus.de\/index.php?rest_route=\/wp\/v2\/pages\/565\/revisions\/592"}],"wp:attachment":[{"href":"https:\/\/mosel-wein-ferienhaus.de\/index.php?rest_route=%2Fwp%2Fv2%2Fmedia&parent=565"}],"curies":[{"name":"wp","href":"https:\/\/api.w.org\/{rel}","templated":true}]}}