{"id":617,"date":"2017-04-26T21:06:43","date_gmt":"2017-04-26T21:06:43","guid":{"rendered":"http:\/\/mosel-wein-ferienhaus.de\/?page_id=617"},"modified":"2021-05-01T09:39:43","modified_gmt":"2021-05-01T09:39:43","slug":"fewo-mosella","status":"publish","type":"page","link":"https:\/\/mosel-wein-ferienhaus.de\/?page_id=617","title":{"rendered":"Fewo Mosella"},"content":{"rendered":"<p>Die modern ausgestattete Ferienwohnung &#8222;Mosella&#8220; ist f\u00fcr 2 Personen vorgesehen. Es besteht aber die M\u00f6glichkeit die Unterkunft auch mit Kleinkind zu buchen. Daf\u00fcr k\u00f6nnen wir Babyreisebett bzw. Zustellbett kostenfrei zur Verf\u00fcgung stellen.<\/p>\n<p>Der direkte Zugang zum Garten \u00fcber die sch\u00f6ne Terrasse\/Freisitz ist nur eines der Highlights dieser Ferienwohnung.<\/p>\n<figure id=\"attachment_623\" aria-describedby=\"caption-attachment-623\" style=\"width: 600px\" class=\"wp-caption alignnone\"><a href=\"http:\/\/mosel-wein-ferienhaus.de\/wp-content\/uploads\/2017\/04\/DSC01314.jpg\" rel=\"attachment wp-att-623\"><img loading=\"lazy\" decoding=\"async\" class=\"size-large wp-image-623\" src=\"http:\/\/mosel-wein-ferienhaus.de\/wp-content\/uploads\/2017\/04\/DSC01314-600x399.jpg\" alt=\"SONY DSC\" width=\"600\" height=\"399\" srcset=\"https:\/\/mosel-wein-ferienhaus.de\/wp-content\/uploads\/2017\/04\/DSC01314-600x399.jpg 600w, https:\/\/mosel-wein-ferienhaus.de\/wp-content\/uploads\/2017\/04\/DSC01314-180x120.jpg 180w, https:\/\/mosel-wein-ferienhaus.de\/wp-content\/uploads\/2017\/04\/DSC01314-768x510.jpg 768w\" sizes=\"auto, (max-width: 600px) 100vw, 600px\" \/><\/a><figcaption id=\"caption-attachment-623\" class=\"wp-caption-text\">Wohn-\/Esszimmer<\/figcaption><\/figure>\n<figure id=\"attachment_622\" aria-describedby=\"caption-attachment-622\" style=\"width: 600px\" class=\"wp-caption alignnone\"><a href=\"http:\/\/mosel-wein-ferienhaus.de\/wp-content\/uploads\/2017\/04\/DSC01308.jpg\" rel=\"attachment wp-att-622\"><img loading=\"lazy\" decoding=\"async\" class=\"size-large wp-image-622\" src=\"http:\/\/mosel-wein-ferienhaus.de\/wp-content\/uploads\/2017\/04\/DSC01308-600x399.jpg\" alt=\"SONY DSC\" width=\"600\" height=\"399\" srcset=\"https:\/\/mosel-wein-ferienhaus.de\/wp-content\/uploads\/2017\/04\/DSC01308-600x399.jpg 600w, https:\/\/mosel-wein-ferienhaus.de\/wp-content\/uploads\/2017\/04\/DSC01308-180x120.jpg 180w, https:\/\/mosel-wein-ferienhaus.de\/wp-content\/uploads\/2017\/04\/DSC01308-768x510.jpg 768w\" sizes=\"auto, (max-width: 600px) 100vw, 600px\" \/><\/a><figcaption id=\"caption-attachment-622\" class=\"wp-caption-text\">K\u00fcche<\/figcaption><\/figure>\n<figure id=\"attachment_621\" aria-describedby=\"caption-attachment-621\" style=\"width: 600px\" class=\"wp-caption alignnone\"><a href=\"http:\/\/mosel-wein-ferienhaus.de\/wp-content\/uploads\/2017\/04\/DSC01288.jpg\" rel=\"attachment wp-att-621\"><img loading=\"lazy\" decoding=\"async\" class=\"size-large wp-image-621\" src=\"http:\/\/mosel-wein-ferienhaus.de\/wp-content\/uploads\/2017\/04\/DSC01288-600x399.jpg\" alt=\"SONY DSC\" width=\"600\" height=\"399\" srcset=\"https:\/\/mosel-wein-ferienhaus.de\/wp-content\/uploads\/2017\/04\/DSC01288-600x399.jpg 600w, https:\/\/mosel-wein-ferienhaus.de\/wp-content\/uploads\/2017\/04\/DSC01288-180x120.jpg 180w, https:\/\/mosel-wein-ferienhaus.de\/wp-content\/uploads\/2017\/04\/DSC01288-768x510.jpg 768w\" sizes=\"auto, (max-width: 600px) 100vw, 600px\" \/><\/a><figcaption id=\"caption-attachment-621\" class=\"wp-caption-text\">Schlafzimmer<\/figcaption><\/figure>\n<figure id=\"attachment_620\" aria-describedby=\"caption-attachment-620\" style=\"width: 399px\" class=\"wp-caption alignnone\"><a href=\"http:\/\/mosel-wein-ferienhaus.de\/wp-content\/uploads\/2017\/04\/DSC01287-e1493241098256.jpg\" rel=\"attachment wp-att-620\"><img loading=\"lazy\" decoding=\"async\" class=\"size-large wp-image-620\" src=\"http:\/\/mosel-wein-ferienhaus.de\/wp-content\/uploads\/2017\/04\/DSC01287-e1493241098256-399x600.jpg\" alt=\"SONY DSC\" width=\"399\" height=\"600\" srcset=\"https:\/\/mosel-wein-ferienhaus.de\/wp-content\/uploads\/2017\/04\/DSC01287-e1493241098256-399x600.jpg 399w, https:\/\/mosel-wein-ferienhaus.de\/wp-content\/uploads\/2017\/04\/DSC01287-e1493241098256-120x180.jpg 120w, https:\/\/mosel-wein-ferienhaus.de\/wp-content\/uploads\/2017\/04\/DSC01287-e1493241098256-768x1156.jpg 768w\" sizes=\"auto, (max-width: 399px) 100vw, 399px\" \/><\/a><figcaption id=\"caption-attachment-620\" class=\"wp-caption-text\">Bad<\/figcaption><\/figure>\n","protected":false},"excerpt":{"rendered":"<p>Die modern ausgestattete Ferienwohnung &#8222;Mosella&#8220; ist f\u00fcr 2 Personen vorgesehen. Es besteht aber die M\u00f6glichkeit die Unterkunft auch mit Kleinkind zu buchen. Daf\u00fcr k\u00f6nnen wir Babyreisebett bzw. Zustellbett kostenfrei zur Verf\u00fcgung stellen. Der direkte Zugang zum Garten \u00fcber die sch\u00f6ne Terrasse\/Freisitz ist nur eines der Highlights dieser Ferienwohnung.<\/p>\n","protected":false},"author":1,"featured_media":0,"parent":0,"menu_order":0,"comment_status":"closed","ping_status":"closed","template":"","meta":{"footnotes":""},"class_list":["post-617","page","type-page","status-publish","hentry"],"_links":{"self":[{"href":"https:\/\/mosel-wein-ferienhaus.de\/index.php?rest_route=\/wp\/v2\/pages\/617","targetHints":{"allow":["GET"]}}],"collection":[{"href":"https:\/\/mosel-wein-ferienhaus.de\/index.php?rest_route=\/wp\/v2\/pages"}],"about":[{"href":"https:\/\/mosel-wein-ferienhaus.de\/index.php?rest_route=\/wp\/v2\/types\/page"}],"author":[{"embeddable":true,"href":"https:\/\/mosel-wein-ferienhaus.de\/index.php?rest_route=\/wp\/v2\/users\/1"}],"replies":[{"embeddable":true,"href":"https:\/\/mosel-wein-ferienhaus.de\/index.php?rest_route=%2Fwp%2Fv2%2Fcomments&post=617"}],"version-history":[{"count":5,"href":"https:\/\/mosel-wein-ferienhaus.de\/index.php?rest_route=\/wp\/v2\/pages\/617\/revisions"}],"predecessor-version":[{"id":979,"href":"https:\/\/mosel-wein-ferienhaus.de\/index.php?rest_route=\/wp\/v2\/pages\/617\/revisions\/979"}],"wp:attachment":[{"href":"https:\/\/mosel-wein-ferienhaus.de\/index.php?rest_route=%2Fwp%2Fv2%2Fmedia&parent=617"}],"curies":[{"name":"wp","href":"https:\/\/api.w.org\/{rel}","templated":true}]}}