{"id":632,"date":"2017-05-02T13:40:14","date_gmt":"2017-05-02T13:40:14","guid":{"rendered":"http:\/\/mosel-wein-ferienhaus.de\/?page_id=632"},"modified":"2017-05-04T15:50:30","modified_gmt":"2017-05-04T15:50:30","slug":"gastezimmer","status":"publish","type":"page","link":"https:\/\/mosel-wein-ferienhaus.de\/?page_id=632","title":{"rendered":"G\u00e4stezimmer"},"content":{"rendered":"<p>Unsere G\u00e4stezimmer &#8222;Sp\u00e4tlese&#8220; und &#8222;Auslese&#8220; geh\u00f6ren eigentlich zur Fewo &#8222;Riesling&#8220;, k\u00f6nnen aber auch separat f\u00fcr \u00dcbernachtungen mit und ohne Fr\u00fchst\u00fcck gebucht werden. Sie verf\u00fcgen jeweils \u00fcber ein Doppelbett (1,80 m Breite), einen grossen Fernseher, eine ebenerdige Dusche und WC. Die \u00fcberdachte Terrasse kann ebenfalls mitgenutzt werden. Au\u00dferdem steht die Galerie im 2. Stock als Aufenthaltsraum zur Verf\u00fcgung. Hier kann auch das Fr\u00fchst\u00fcck eingenommen werden.<\/p>\n<figure id=\"attachment_637\" aria-describedby=\"caption-attachment-637\" style=\"width: 600px\" class=\"wp-caption alignnone\"><a href=\"http:\/\/mosel-wein-ferienhaus.de\/wp-content\/uploads\/2017\/05\/DSC01387.jpg\" rel=\"attachment wp-att-637\"><img loading=\"lazy\" decoding=\"async\" class=\"size-large wp-image-637\" src=\"http:\/\/mosel-wein-ferienhaus.de\/wp-content\/uploads\/2017\/05\/DSC01387-600x399.jpg\" alt=\"SONY DSC\" width=\"600\" height=\"399\" srcset=\"https:\/\/mosel-wein-ferienhaus.de\/wp-content\/uploads\/2017\/05\/DSC01387-600x399.jpg 600w, https:\/\/mosel-wein-ferienhaus.de\/wp-content\/uploads\/2017\/05\/DSC01387-180x120.jpg 180w, https:\/\/mosel-wein-ferienhaus.de\/wp-content\/uploads\/2017\/05\/DSC01387-768x510.jpg 768w\" sizes=\"auto, (max-width: 600px) 100vw, 600px\" \/><\/a><figcaption id=\"caption-attachment-637\" class=\"wp-caption-text\">SONY DSC<\/figcaption><\/figure>\n<figure id=\"attachment_635\" aria-describedby=\"caption-attachment-635\" style=\"width: 600px\" class=\"wp-caption alignnone\"><a href=\"http:\/\/mosel-wein-ferienhaus.de\/wp-content\/uploads\/2017\/05\/DSC01383.jpg\" rel=\"attachment wp-att-635\"><img loading=\"lazy\" decoding=\"async\" class=\"size-large wp-image-635\" src=\"http:\/\/mosel-wein-ferienhaus.de\/wp-content\/uploads\/2017\/05\/DSC01383-600x399.jpg\" alt=\"SONY DSC\" width=\"600\" height=\"399\" srcset=\"https:\/\/mosel-wein-ferienhaus.de\/wp-content\/uploads\/2017\/05\/DSC01383-600x399.jpg 600w, https:\/\/mosel-wein-ferienhaus.de\/wp-content\/uploads\/2017\/05\/DSC01383-180x120.jpg 180w, https:\/\/mosel-wein-ferienhaus.de\/wp-content\/uploads\/2017\/05\/DSC01383-768x510.jpg 768w\" sizes=\"auto, (max-width: 600px) 100vw, 600px\" \/><\/a><figcaption id=\"caption-attachment-635\" class=\"wp-caption-text\">Galerie \u00a02.Stock\u00a0<\/figcaption><\/figure>\n<figure id=\"attachment_641\" aria-describedby=\"caption-attachment-641\" style=\"width: 600px\" class=\"wp-caption alignnone\"><a href=\"http:\/\/mosel-wein-ferienhaus.de\/wp-content\/uploads\/2017\/05\/DSC01398.jpg\" rel=\"attachment wp-att-641\"><img loading=\"lazy\" decoding=\"async\" class=\"size-large wp-image-641\" src=\"http:\/\/mosel-wein-ferienhaus.de\/wp-content\/uploads\/2017\/05\/DSC01398-600x399.jpg\" alt=\"SONY DSC\" width=\"600\" height=\"399\" srcset=\"https:\/\/mosel-wein-ferienhaus.de\/wp-content\/uploads\/2017\/05\/DSC01398-600x399.jpg 600w, https:\/\/mosel-wein-ferienhaus.de\/wp-content\/uploads\/2017\/05\/DSC01398-180x120.jpg 180w, https:\/\/mosel-wein-ferienhaus.de\/wp-content\/uploads\/2017\/05\/DSC01398-768x510.jpg 768w\" sizes=\"auto, (max-width: 600px) 100vw, 600px\" \/><\/a><figcaption id=\"caption-attachment-641\" class=\"wp-caption-text\">G\u00e4stezimmer Sp\u00e4tlese<\/figcaption><\/figure>\n<figure id=\"attachment_640\" aria-describedby=\"caption-attachment-640\" style=\"width: 600px\" class=\"wp-caption alignnone\"><a href=\"http:\/\/mosel-wein-ferienhaus.de\/wp-content\/uploads\/2017\/05\/DSC01397.jpg\" rel=\"attachment wp-att-640\"><img loading=\"lazy\" decoding=\"async\" class=\"size-large wp-image-640\" src=\"http:\/\/mosel-wein-ferienhaus.de\/wp-content\/uploads\/2017\/05\/DSC01397-600x399.jpg\" alt=\"SONY DSC\" width=\"600\" height=\"399\" srcset=\"https:\/\/mosel-wein-ferienhaus.de\/wp-content\/uploads\/2017\/05\/DSC01397-600x399.jpg 600w, https:\/\/mosel-wein-ferienhaus.de\/wp-content\/uploads\/2017\/05\/DSC01397-180x120.jpg 180w, https:\/\/mosel-wein-ferienhaus.de\/wp-content\/uploads\/2017\/05\/DSC01397-768x510.jpg 768w\" sizes=\"auto, (max-width: 600px) 100vw, 600px\" \/><\/a><figcaption id=\"caption-attachment-640\" class=\"wp-caption-text\">Sp\u00e4tlese<\/figcaption><\/figure>\n<figure id=\"attachment_643\" aria-describedby=\"caption-attachment-643\" style=\"width: 600px\" class=\"wp-caption alignnone\"><a href=\"http:\/\/mosel-wein-ferienhaus.de\/wp-content\/uploads\/2017\/05\/DSC01402.jpg\" rel=\"attachment wp-att-643\"><img loading=\"lazy\" decoding=\"async\" class=\"size-large wp-image-643\" src=\"http:\/\/mosel-wein-ferienhaus.de\/wp-content\/uploads\/2017\/05\/DSC01402-600x399.jpg\" alt=\"SONY DSC\" width=\"600\" height=\"399\" srcset=\"https:\/\/mosel-wein-ferienhaus.de\/wp-content\/uploads\/2017\/05\/DSC01402-600x399.jpg 600w, https:\/\/mosel-wein-ferienhaus.de\/wp-content\/uploads\/2017\/05\/DSC01402-180x120.jpg 180w, https:\/\/mosel-wein-ferienhaus.de\/wp-content\/uploads\/2017\/05\/DSC01402-768x510.jpg 768w\" sizes=\"auto, (max-width: 600px) 100vw, 600px\" \/><\/a><figcaption id=\"caption-attachment-643\" class=\"wp-caption-text\">G\u00e4stezimmer Auslese<\/figcaption><\/figure>\n<figure id=\"attachment_644\" aria-describedby=\"caption-attachment-644\" style=\"width: 600px\" class=\"wp-caption alignnone\"><a href=\"http:\/\/mosel-wein-ferienhaus.de\/wp-content\/uploads\/2017\/05\/DSC01403.jpg\" rel=\"attachment wp-att-644\"><img loading=\"lazy\" decoding=\"async\" class=\"size-large wp-image-644\" src=\"http:\/\/mosel-wein-ferienhaus.de\/wp-content\/uploads\/2017\/05\/DSC01403-600x399.jpg\" alt=\"SONY DSC\" width=\"600\" height=\"399\" srcset=\"https:\/\/mosel-wein-ferienhaus.de\/wp-content\/uploads\/2017\/05\/DSC01403-600x399.jpg 600w, https:\/\/mosel-wein-ferienhaus.de\/wp-content\/uploads\/2017\/05\/DSC01403-180x120.jpg 180w, https:\/\/mosel-wein-ferienhaus.de\/wp-content\/uploads\/2017\/05\/DSC01403-768x510.jpg 768w\" sizes=\"auto, (max-width: 600px) 100vw, 600px\" \/><\/a><figcaption id=\"caption-attachment-644\" class=\"wp-caption-text\">Auslese<\/figcaption><\/figure>\n<figure id=\"attachment_639\" aria-describedby=\"caption-attachment-639\" style=\"width: 399px\" class=\"wp-caption alignnone\"><a href=\"http:\/\/mosel-wein-ferienhaus.de\/wp-content\/uploads\/2017\/05\/DSC01394-e1493912779779.jpg\" rel=\"attachment wp-att-639\"><img loading=\"lazy\" decoding=\"async\" class=\"size-large wp-image-639\" src=\"http:\/\/mosel-wein-ferienhaus.de\/wp-content\/uploads\/2017\/05\/DSC01394-e1493912779779-399x600.jpg\" alt=\"SONY DSC\" width=\"399\" height=\"600\" srcset=\"https:\/\/mosel-wein-ferienhaus.de\/wp-content\/uploads\/2017\/05\/DSC01394-e1493912779779-399x600.jpg 399w, https:\/\/mosel-wein-ferienhaus.de\/wp-content\/uploads\/2017\/05\/DSC01394-e1493912779779-120x180.jpg 120w, https:\/\/mosel-wein-ferienhaus.de\/wp-content\/uploads\/2017\/05\/DSC01394-e1493912779779-768x1156.jpg 768w\" sizes=\"auto, (max-width: 399px) 100vw, 399px\" \/><\/a><figcaption id=\"caption-attachment-639\" class=\"wp-caption-text\">Bad Sp\u00e4tlese<\/figcaption><\/figure>\n<figure id=\"attachment_638\" aria-describedby=\"caption-attachment-638\" style=\"width: 399px\" class=\"wp-caption alignnone\"><a href=\"http:\/\/mosel-wein-ferienhaus.de\/wp-content\/uploads\/2017\/05\/DSC01388-e1493912822774.jpg\" rel=\"attachment wp-att-638\"><img loading=\"lazy\" decoding=\"async\" class=\"size-large wp-image-638\" src=\"http:\/\/mosel-wein-ferienhaus.de\/wp-content\/uploads\/2017\/05\/DSC01388-e1493912822774-399x600.jpg\" alt=\"SONY DSC\" width=\"399\" height=\"600\" srcset=\"https:\/\/mosel-wein-ferienhaus.de\/wp-content\/uploads\/2017\/05\/DSC01388-e1493912822774-399x600.jpg 399w, https:\/\/mosel-wein-ferienhaus.de\/wp-content\/uploads\/2017\/05\/DSC01388-e1493912822774-120x180.jpg 120w, https:\/\/mosel-wein-ferienhaus.de\/wp-content\/uploads\/2017\/05\/DSC01388-e1493912822774-768x1156.jpg 768w\" sizes=\"auto, (max-width: 399px) 100vw, 399px\" \/><\/a><figcaption id=\"caption-attachment-638\" class=\"wp-caption-text\">Bad Auslese<\/figcaption><\/figure>\n<figure id=\"attachment_636\" aria-describedby=\"caption-attachment-636\" style=\"width: 399px\" class=\"wp-caption alignnone\"><a href=\"http:\/\/mosel-wein-ferienhaus.de\/wp-content\/uploads\/2017\/05\/DSC01385-e1493912860946.jpg\" rel=\"attachment wp-att-636\"><img loading=\"lazy\" decoding=\"async\" class=\"size-large wp-image-636\" src=\"http:\/\/mosel-wein-ferienhaus.de\/wp-content\/uploads\/2017\/05\/DSC01385-e1493912860946-399x600.jpg\" alt=\"SONY DSC\" width=\"399\" height=\"600\" srcset=\"https:\/\/mosel-wein-ferienhaus.de\/wp-content\/uploads\/2017\/05\/DSC01385-e1493912860946-399x600.jpg 399w, https:\/\/mosel-wein-ferienhaus.de\/wp-content\/uploads\/2017\/05\/DSC01385-e1493912860946-120x180.jpg 120w, https:\/\/mosel-wein-ferienhaus.de\/wp-content\/uploads\/2017\/05\/DSC01385-e1493912860946-768x1156.jpg 768w\" sizes=\"auto, (max-width: 399px) 100vw, 399px\" \/><\/a><figcaption id=\"caption-attachment-636\" class=\"wp-caption-text\">Auslese<\/figcaption><\/figure>\n","protected":false},"excerpt":{"rendered":"<p>Unsere G\u00e4stezimmer &#8222;Sp\u00e4tlese&#8220; und &#8222;Auslese&#8220; geh\u00f6ren eigentlich zur Fewo &#8222;Riesling&#8220;, k\u00f6nnen aber auch separat f\u00fcr \u00dcbernachtungen mit und ohne Fr\u00fchst\u00fcck gebucht werden. Sie verf\u00fcgen jeweils \u00fcber ein Doppelbett (1,80 m Breite), einen grossen Fernseher, eine ebenerdige Dusche und WC. Die \u00fcberdachte Terrasse kann ebenfalls mitgenutzt werden. Au\u00dferdem steht die Galerie im 2. Stock als Aufenthaltsraum &hellip; <a href=\"https:\/\/mosel-wein-ferienhaus.de\/?page_id=632\" class=\"more-link\"><span class=\"screen-reader-text\">G\u00e4stezimmer<\/span> weiterlesen <span class=\"meta-nav\">&rarr;<\/span><\/a><\/p>\n","protected":false},"author":1,"featured_media":0,"parent":0,"menu_order":0,"comment_status":"closed","ping_status":"closed","template":"","meta":{"footnotes":""},"class_list":["post-632","page","type-page","status-publish","hentry"],"_links":{"self":[{"href":"https:\/\/mosel-wein-ferienhaus.de\/index.php?rest_route=\/wp\/v2\/pages\/632","targetHints":{"allow":["GET"]}}],"collection":[{"href":"https:\/\/mosel-wein-ferienhaus.de\/index.php?rest_route=\/wp\/v2\/pages"}],"about":[{"href":"https:\/\/mosel-wein-ferienhaus.de\/index.php?rest_route=\/wp\/v2\/types\/page"}],"author":[{"embeddable":true,"href":"https:\/\/mosel-wein-ferienhaus.de\/index.php?rest_route=\/wp\/v2\/users\/1"}],"replies":[{"embeddable":true,"href":"https:\/\/mosel-wein-ferienhaus.de\/index.php?rest_route=%2Fwp%2Fv2%2Fcomments&post=632"}],"version-history":[{"count":4,"href":"https:\/\/mosel-wein-ferienhaus.de\/index.php?rest_route=\/wp\/v2\/pages\/632\/revisions"}],"predecessor-version":[{"id":647,"href":"https:\/\/mosel-wein-ferienhaus.de\/index.php?rest_route=\/wp\/v2\/pages\/632\/revisions\/647"}],"wp:attachment":[{"href":"https:\/\/mosel-wein-ferienhaus.de\/index.php?rest_route=%2Fwp%2Fv2%2Fmedia&parent=632"}],"curies":[{"name":"wp","href":"https:\/\/api.w.org\/{rel}","templated":true}]}}