{"id":85,"date":"2014-02-17T19:49:50","date_gmt":"2014-02-17T19:49:50","guid":{"rendered":"http:\/\/mosel-wein-ferienhaus.de\/?page_id=85"},"modified":"2014-03-31T21:07:59","modified_gmt":"2014-03-31T21:07:59","slug":"bad","status":"publish","type":"page","link":"https:\/\/mosel-wein-ferienhaus.de\/?page_id=85","title":{"rendered":"Bad"},"content":{"rendered":"<p>Das Tageslichtbad verf\u00fcgt \u00fcber eine bodengleiche (ebenerdige) \u00a0Dusche und Fu\u00dfboden-heizung. Weiterhin geh\u00f6ren Haartrockner und Kosmetikspiegel zur Ausstattung des Bades.<\/p>\n<p>Selbstverst\u00e4ndlich stellen wir Ihnen Hand- und Badet\u00fccher in ausreichender Anzahl zur Verf\u00fcgung.<\/p>\n<p><img loading=\"lazy\" decoding=\"async\" class=\"alignnone size-large wp-image-300\" alt=\"SONY DSC\" src=\"http:\/\/mosel-wein-ferienhaus.de\/wp-content\/uploads\/2014\/03\/140314-041-398x600.jpg\" width=\"398\" height=\"600\" \/><\/p>\n<p><img loading=\"lazy\" decoding=\"async\" class=\"alignnone size-large wp-image-302\" alt=\"SONY DSC\" src=\"http:\/\/mosel-wein-ferienhaus.de\/wp-content\/uploads\/2014\/03\/140314-058-398x600.jpg\" width=\"398\" height=\"600\" \/><\/p>\n<p><img loading=\"lazy\" decoding=\"async\" class=\"alignnone size-large wp-image-301\" alt=\"SONY DSC\" src=\"http:\/\/mosel-wein-ferienhaus.de\/wp-content\/uploads\/2014\/03\/140314-042-398x600.jpg\" width=\"398\" height=\"600\" \/><\/p>\n","protected":false},"excerpt":{"rendered":"<p>Das Tageslichtbad verf\u00fcgt \u00fcber eine bodengleiche (ebenerdige) \u00a0Dusche und Fu\u00dfboden-heizung. Weiterhin geh\u00f6ren Haartrockner und Kosmetikspiegel zur Ausstattung des Bades. Selbstverst\u00e4ndlich stellen wir Ihnen Hand- und Badet\u00fccher in ausreichender Anzahl zur Verf\u00fcgung.<\/p>\n","protected":false},"author":1,"featured_media":0,"parent":43,"menu_order":0,"comment_status":"closed","ping_status":"closed","template":"","meta":{"footnotes":""},"class_list":["post-85","page","type-page","status-publish","hentry"],"_links":{"self":[{"href":"https:\/\/mosel-wein-ferienhaus.de\/index.php?rest_route=\/wp\/v2\/pages\/85","targetHints":{"allow":["GET"]}}],"collection":[{"href":"https:\/\/mosel-wein-ferienhaus.de\/index.php?rest_route=\/wp\/v2\/pages"}],"about":[{"href":"https:\/\/mosel-wein-ferienhaus.de\/index.php?rest_route=\/wp\/v2\/types\/page"}],"author":[{"embeddable":true,"href":"https:\/\/mosel-wein-ferienhaus.de\/index.php?rest_route=\/wp\/v2\/users\/1"}],"replies":[{"embeddable":true,"href":"https:\/\/mosel-wein-ferienhaus.de\/index.php?rest_route=%2Fwp%2Fv2%2Fcomments&post=85"}],"version-history":[{"count":9,"href":"https:\/\/mosel-wein-ferienhaus.de\/index.php?rest_route=\/wp\/v2\/pages\/85\/revisions"}],"predecessor-version":[{"id":386,"href":"https:\/\/mosel-wein-ferienhaus.de\/index.php?rest_route=\/wp\/v2\/pages\/85\/revisions\/386"}],"up":[{"embeddable":true,"href":"https:\/\/mosel-wein-ferienhaus.de\/index.php?rest_route=\/wp\/v2\/pages\/43"}],"wp:attachment":[{"href":"https:\/\/mosel-wein-ferienhaus.de\/index.php?rest_route=%2Fwp%2Fv2%2Fmedia&parent=85"}],"curies":[{"name":"wp","href":"https:\/\/api.w.org\/{rel}","templated":true}]}}