{"id":86,"date":"2014-02-17T19:50:16","date_gmt":"2014-02-17T19:50:16","guid":{"rendered":"http:\/\/mosel-wein-ferienhaus.de\/?page_id=86"},"modified":"2015-06-03T18:50:52","modified_gmt":"2015-06-03T18:50:52","slug":"terasse","status":"publish","type":"page","link":"https:\/\/mosel-wein-ferienhaus.de\/?page_id=86","title":{"rendered":"Garten\/Terasse"},"content":{"rendered":"<p>Im Innenhof zur Gartenseite befindet sich die Terrasse, die zum Sonnenbad oder zum gem\u00fctlichen Grillabend mit Weinprobe einl\u00e4dt.<\/p>\n<figure id=\"attachment_149\" aria-describedby=\"caption-attachment-149\" style=\"width: 600px\" class=\"wp-caption alignnone\"><a href=\"http:\/\/mosel-wein-ferienhaus.de\/?attachment_id=149\" rel=\"attachment wp-att-149\"><img loading=\"lazy\" decoding=\"async\" class=\"size-large wp-image-149 \" src=\"http:\/\/mosel-wein-ferienhaus.de\/wp-content\/uploads\/2014\/02\/11.08.2013-113-1024x680.jpg\" alt=\"Terasse\" width=\"600\" height=\"398\" srcset=\"https:\/\/mosel-wein-ferienhaus.de\/wp-content\/uploads\/2014\/02\/11.08.2013-113-1024x680.jpg 1024w, https:\/\/mosel-wein-ferienhaus.de\/wp-content\/uploads\/2014\/02\/11.08.2013-113-300x199.jpg 300w\" sizes=\"auto, (max-width: 600px) 100vw, 600px\" \/><\/a><figcaption id=\"caption-attachment-149\" class=\"wp-caption-text\">Terrasse<\/figcaption><\/figure>\n<p>Im Garten befindet sich auch die Spielwiese mit diversen Spielger\u00e4ten wie Trampolin, Sandkasten und Spielhaus f\u00fcr die Kinder.<\/p>\n<p><a style=\"font-size: 14px; background-color: #f3f3f3; text-align: center;\" href=\"http:\/\/mosel-wein-ferienhaus.de\/wp-content\/uploads\/2014\/02\/11.08.2013-073.jpg\"><img loading=\"lazy\" decoding=\"async\" class=\" wp-image-145 \" src=\"http:\/\/mosel-wein-ferienhaus.de\/wp-content\/uploads\/2014\/02\/11.08.2013-073.jpg\" alt=\"Spielhaus m.  Sandkasten\" width=\"1061\" height=\"705\" srcset=\"https:\/\/mosel-wein-ferienhaus.de\/wp-content\/uploads\/2014\/02\/11.08.2013-073.jpg 4912w, https:\/\/mosel-wein-ferienhaus.de\/wp-content\/uploads\/2014\/02\/11.08.2013-073-300x199.jpg 300w, https:\/\/mosel-wein-ferienhaus.de\/wp-content\/uploads\/2014\/02\/11.08.2013-073-1024x680.jpg 1024w\" sizes=\"auto, (max-width: 1061px) 100vw, 1061px\" \/><\/a><\/p>\n<dl id=\"attachment_145\" class=\"wp-caption alignnone\" style=\"width: 2957px;\">\n<dd class=\"wp-caption-dd\">Spielhaus mit Sandkasten<\/dd>\n<\/dl>\n","protected":false},"excerpt":{"rendered":"<p>Im Innenhof zur Gartenseite befindet sich die Terrasse, die zum Sonnenbad oder zum gem\u00fctlichen Grillabend mit Weinprobe einl\u00e4dt. Im Garten befindet sich auch die Spielwiese mit diversen Spielger\u00e4ten wie Trampolin, Sandkasten und Spielhaus f\u00fcr die Kinder. Spielhaus mit Sandkasten<\/p>\n","protected":false},"author":1,"featured_media":0,"parent":0,"menu_order":0,"comment_status":"closed","ping_status":"closed","template":"","meta":{"footnotes":""},"class_list":["post-86","page","type-page","status-publish","hentry"],"_links":{"self":[{"href":"https:\/\/mosel-wein-ferienhaus.de\/index.php?rest_route=\/wp\/v2\/pages\/86","targetHints":{"allow":["GET"]}}],"collection":[{"href":"https:\/\/mosel-wein-ferienhaus.de\/index.php?rest_route=\/wp\/v2\/pages"}],"about":[{"href":"https:\/\/mosel-wein-ferienhaus.de\/index.php?rest_route=\/wp\/v2\/types\/page"}],"author":[{"embeddable":true,"href":"https:\/\/mosel-wein-ferienhaus.de\/index.php?rest_route=\/wp\/v2\/users\/1"}],"replies":[{"embeddable":true,"href":"https:\/\/mosel-wein-ferienhaus.de\/index.php?rest_route=%2Fwp%2Fv2%2Fcomments&post=86"}],"version-history":[{"count":15,"href":"https:\/\/mosel-wein-ferienhaus.de\/index.php?rest_route=\/wp\/v2\/pages\/86\/revisions"}],"predecessor-version":[{"id":534,"href":"https:\/\/mosel-wein-ferienhaus.de\/index.php?rest_route=\/wp\/v2\/pages\/86\/revisions\/534"}],"wp:attachment":[{"href":"https:\/\/mosel-wein-ferienhaus.de\/index.php?rest_route=%2Fwp%2Fv2%2Fmedia&parent=86"}],"curies":[{"name":"wp","href":"https:\/\/api.w.org\/{rel}","templated":true}]}}