{"id":87,"date":"2014-02-17T19:50:59","date_gmt":"2014-02-17T19:50:59","guid":{"rendered":"http:\/\/mosel-wein-ferienhaus.de\/?page_id=87"},"modified":"2014-05-15T21:36:49","modified_gmt":"2014-05-15T21:36:49","slug":"wohnraum","status":"publish","type":"page","link":"https:\/\/mosel-wein-ferienhaus.de\/?page_id=87","title":{"rendered":"Wohnraum"},"content":{"rendered":"<p>In der modernen Wohnk\u00fcche l\u00e4sst sich der Tag mit einem Fernsehabend oder guter Musik\u00a0 bei einem Glas Wein auf der gem\u00fctlichen Eckcouch ausklingen.<\/p>\n<p>weitere Ausstattungdetails im \u00dcberblick:<\/p>\n<ul>\n<li>Internet-Zugang (W-LAN)<\/li>\n<li>Satelliten-TV mit DVD-Player<\/li>\n<li>vollwertige Stereoanlage<\/li>\n<li>B\u00fccher \/ Kinderb\u00fccher<\/li>\n<li>Brettspiele<\/li>\n<\/ul>\n<p><img loading=\"lazy\" decoding=\"async\" class=\"alignnone size-large wp-image-313\" src=\"http:\/\/mosel-wein-ferienhaus.de\/wp-content\/uploads\/2014\/03\/140314-044-600x398.jpg\" alt=\"SONY DSC\" width=\"600\" height=\"398\" \/><\/p>\n<p><img loading=\"lazy\" decoding=\"async\" class=\"alignnone size-large wp-image-312\" src=\"http:\/\/mosel-wein-ferienhaus.de\/wp-content\/uploads\/2014\/03\/140314-035-600x398.jpg\" alt=\"SONY DSC\" width=\"600\" height=\"398\" \/><\/p>\n<p><img loading=\"lazy\" decoding=\"async\" class=\"alignnone size-large wp-image-337\" src=\"http:\/\/mosel-wein-ferienhaus.de\/wp-content\/uploads\/2014\/03\/140314-053-398x600.jpg\" alt=\"SONY DSC\" width=\"398\" height=\"600\" \/><\/p>\n<p>&nbsp;<\/p>\n","protected":false},"excerpt":{"rendered":"<p>In der modernen Wohnk\u00fcche l\u00e4sst sich der Tag mit einem Fernsehabend oder guter Musik\u00a0 bei einem Glas Wein auf der gem\u00fctlichen Eckcouch ausklingen. weitere Ausstattungdetails im \u00dcberblick: Internet-Zugang (W-LAN) Satelliten-TV mit DVD-Player vollwertige Stereoanlage B\u00fccher \/ Kinderb\u00fccher Brettspiele &nbsp;<\/p>\n","protected":false},"author":1,"featured_media":0,"parent":0,"menu_order":0,"comment_status":"closed","ping_status":"closed","template":"","meta":{"footnotes":""},"class_list":["post-87","page","type-page","status-publish","hentry"],"_links":{"self":[{"href":"https:\/\/mosel-wein-ferienhaus.de\/index.php?rest_route=\/wp\/v2\/pages\/87","targetHints":{"allow":["GET"]}}],"collection":[{"href":"https:\/\/mosel-wein-ferienhaus.de\/index.php?rest_route=\/wp\/v2\/pages"}],"about":[{"href":"https:\/\/mosel-wein-ferienhaus.de\/index.php?rest_route=\/wp\/v2\/types\/page"}],"author":[{"embeddable":true,"href":"https:\/\/mosel-wein-ferienhaus.de\/index.php?rest_route=\/wp\/v2\/users\/1"}],"replies":[{"embeddable":true,"href":"https:\/\/mosel-wein-ferienhaus.de\/index.php?rest_route=%2Fwp%2Fv2%2Fcomments&post=87"}],"version-history":[{"count":7,"href":"https:\/\/mosel-wein-ferienhaus.de\/index.php?rest_route=\/wp\/v2\/pages\/87\/revisions"}],"predecessor-version":[{"id":426,"href":"https:\/\/mosel-wein-ferienhaus.de\/index.php?rest_route=\/wp\/v2\/pages\/87\/revisions\/426"}],"wp:attachment":[{"href":"https:\/\/mosel-wein-ferienhaus.de\/index.php?rest_route=%2Fwp%2Fv2%2Fmedia&parent=87"}],"curies":[{"name":"wp","href":"https:\/\/api.w.org\/{rel}","templated":true}]}}